{"id":270,"date":"2011-04-04T19:52:09","date_gmt":"2011-04-04T17:52:09","guid":{"rendered":"http:\/\/www.segelclubsuben.info\/?page_id=270"},"modified":"2023-03-30T09:06:10","modified_gmt":"2023-03-30T07:06:10","slug":"clubgebuhrenordnung","status":"publish","type":"page","link":"https:\/\/www.segelclubsuben.info\/?page_id=270","title":{"rendered":"Geb\u00fchrenordnung"},"content":{"rendered":"<p>Ohne Geld geht in keinem Verein etwas. Auch nicht beim 1. ISC &#8211; Suben. Daher hat der Vorstand folgende Betr\u00e4ge beschlossen:<\/p>\n<p>F\u00fcr Mitglieder (&#8230;.und solche die es werden wollen)<\/p>\n<p>Einschreibgeb\u00fchr:<br \/>\n* Einmalig bei Beitritt &#8211; \u20ac 300,-<\/p>\n<p>Jahresbeitr\u00e4ge:<br \/>\n* Aktives Mitglied &#8211;\u00a0 \u20ac 130,-<br \/>\n* Familienmitglied &#8211; \u20ac 20,-<br \/>\n* Passives Mitgl. &#8211; \u20ac 30,-<br \/>\n* Jugendbeitrag &#8211; \u20ac 15,-<\/p>\n<p>Liegeplatzkosten:<\/p>\n<p>* Stegplatz &#8211; \u20ac 150,-<br \/>\n* Landplatz &#8211; berechnung erfolgt nach Stellfl\u00e4che:<br \/>\nje m\u00b2: Sommer: \u20ac 6,00\u00a0\u00a0 Winter \u20ac3,50<\/p>\n<p>Sonstige Geb\u00fchren:<br \/>\n* Charterpauschale f\u00fcr Vereinsboote:<br \/>\n\u20ac10\/Tag, \u20ac15\/Wochenende, \u20ac25\/Woche,\u00a0 \u20ac 25\/Jahr<\/p>\n<p>Jedes aktive Mitglied im 1. ISC ist zum Arbeitsdienst im Verein verpflichtet. Hier fallen pro Jahr 15 Pflichtstunden an. Leistet ein Mitglied diese Stunden nicht, so wird pro nichtgeleistete Stunde der Betrag von \u20ac 10,- in Rechnung gestellt.<\/p>\n","protected":false},"excerpt":{"rendered":"<p>Ohne Geld geht in keinem Verein etwas. Auch nicht beim 1. ISC &#8211; Suben. Daher hat der Vorstand folgende Betr\u00e4ge beschlossen: F\u00fcr Mitglieder (&#8230;.und solche die es werden wollen) Einschreibgeb\u00fchr: * Einmalig bei Beitritt &#8211; \u20ac 300,- Jahresbeitr\u00e4ge: * Aktives &hellip; <a href=\"https:\/\/www.segelclubsuben.info\/?page_id=270\">Weiterlesen <span class=\"meta-nav\">&rarr;<\/span><\/a><\/p>\n","protected":false},"author":8,"featured_media":0,"parent":26,"menu_order":20,"comment_status":"closed","ping_status":"closed","template":"","meta":[],"_links":{"self":[{"href":"https:\/\/www.segelclubsuben.info\/index.php?rest_route=\/wp\/v2\/pages\/270"}],"collection":[{"href":"https:\/\/www.segelclubsuben.info\/index.php?rest_route=\/wp\/v2\/pages"}],"about":[{"href":"https:\/\/www.segelclubsuben.info\/index.php?rest_route=\/wp\/v2\/types\/page"}],"author":[{"embeddable":true,"href":"https:\/\/www.segelclubsuben.info\/index.php?rest_route=\/wp\/v2\/users\/8"}],"replies":[{"embeddable":true,"href":"https:\/\/www.segelclubsuben.info\/index.php?rest_route=%2Fwp%2Fv2%2Fcomments&post=270"}],"version-history":[{"count":7,"href":"https:\/\/www.segelclubsuben.info\/index.php?rest_route=\/wp\/v2\/pages\/270\/revisions"}],"predecessor-version":[{"id":1705,"href":"https:\/\/www.segelclubsuben.info\/index.php?rest_route=\/wp\/v2\/pages\/270\/revisions\/1705"}],"up":[{"embeddable":true,"href":"https:\/\/www.segelclubsuben.info\/index.php?rest_route=\/wp\/v2\/pages\/26"}],"wp:attachment":[{"href":"https:\/\/www.segelclubsuben.info\/index.php?rest_route=%2Fwp%2Fv2%2Fmedia&parent=270"}],"curies":[{"name":"wp","href":"https:\/\/api.w.org\/{rel}","templated":true}]}}