{"id":279,"date":"2011-04-04T19:55:43","date_gmt":"2011-04-04T17:55:43","guid":{"rendered":"http:\/\/www.segelclubsuben.info\/?page_id=279"},"modified":"2011-04-04T20:12:24","modified_gmt":"2011-04-04T18:12:24","slug":"hafenordnung","status":"publish","type":"page","link":"https:\/\/www.segelclubsuben.info\/?page_id=279","title":{"rendered":"Hafenordnung"},"content":{"rendered":"<p>Hafenordnung des 1. Innviertler Segelclubs &#8211; Suben<\/p>\n<p>1.<br \/>\nDas Betreten der Steganlage ist nur Mitgliedern des 1. ISC, deren Angeh\u00f6rigen und dritten Personen in Begleitung eines Mitgliedes zur Aus\u00fcbung des Segelsportes gestattet.\u00a0 Der Landesteg vor Kopf darf nur zum Klarmachen der Boote kurzfristig ben\u00fctzt werden.<\/p>\n<p>2.<br \/>\nDie Bojen- und Stegpl\u00e4tze werden j\u00e4hrlich gegen Geb\u00fchr an Mitglieder des 1. ISC vergeben.\u00a0 Die Jahresgeb\u00fchr kann der aktuellen Geb\u00fchrenordnung entnommen werden.\u00a0 Es obliegt dem Vorstand des 1. ISC G\u00e4stebojen vorzuenthalten und diese befristet an Nichtmitglieder zu vergeben.<\/p>\n<p>3.<br \/>\nNutzt ein Stegplatzinhaber in einer Saison seinen Liegeplatz oder sein Boot nicht in den Vereinszielen entsprechenden Ausma\u00dfen ( \u00a7 2 der Satzung), verliert er sein Anrecht auf den Liegeplatz.\u00a0 Bei entsprechendem schriftlichen Antrag kann der Vorstand diese Frist verl\u00e4ngern.\u00a0 In der Zwischenzeit verf\u00fcgt der Hafenmeister \u00fcber den Platz.\u00a0 Eine Untervermietung oder Weitergabe durch den Stegplatzinhaber ist nicht m\u00f6glich.\u00a0 Um sein Anrecht auf den Stegliegeplatz zu erhalten, sind die j\u00e4hrlichen Geb\u00fchren weiterhin zu entrichten. \u00dcber die Vergabe der Liegepl\u00e4tze (z.B. entsprechend den baulichen Gegebenheiten der Boote) entscheidet der Vorstand. Wirksamkeit dieses Beschlusses: Ab Saison 1994.<\/p>\n<p>4.<br \/>\nVereinsmitglieder ohne Versicherungsschutz (Haftpflichtversicherung) verlieren das Anrecht auf ihren Liegeplatz!<\/p>\n<p>5.<br \/>\nFestmacher und Fender sind ausreichend (der Schiffsgr\u00f6\u00dfe entsprechend) zu dimensionieren. Morsche Festmacher, zu kleine oder kaputte Fender sind zu ersetzen. Sollten sie trotz Aufforderung des Hafenmeisters nicht ersetzt werden so nimmt der Hafenmeister im Interesse der anderen Liegeplatzinhaber die Erneuerung vor. Die anfallenden Materialkosten plus Arbeitszuschlag, werden dem Eigner in Rechnung gestellt.<\/p>\n<p>6.<br \/>\nGrunds\u00e4tzlich ist jede L\u00e4rmentwicklung im Hafenbereich und auf dem Vereinsgel\u00e4nde zu unterlassen.\u00a0 Ab 22:00 Uhr ist, lt. Gestattungsvertrag mit der Gemeinde Suben, Nachtruhe.\u00a0 Motoreinstellarbeiten in der Bucht sind verboten, um das beliebte Hafenkonzert zu vermeiden, sind alle Leinen und Fallen abzuspannen.<\/p>\n<p>7.<br \/>\nDie Slipanlage und die Zufahrt sind \u00f6ffentlich und m\u00fcssen freigehalten werden.\u00a0 Das Abstellen von leeren Bootstrailern f\u00fcr l\u00e4nger als 1 Tag ist verboten!<\/p>\n<p>8.<br \/>\nLandliegepl\u00e4tze: Es ist erforderlich auch hier Ordnung zu halten, die Boote nach Ben\u00fctzung auszurichten und den Schotterparkplatz wieder einzuebnen; f\u00fcr Diebstahlschutz hat der jeweilige Eigner zu sorgen!\u00a0 Arbeitseins\u00e4tze werden grunds\u00e4tzlich im Einvernehmen mit dem Hafenmeister durchgef\u00fchrt.\u00a0 Es sollen sich alle Mitglieder gleichm\u00e4\u00dfig an den anfallenden Arbeiten beteiligen. Ab Saisonende, sp\u00e4testens ab dem 1. November haben alle Eigner ihre Liegepl\u00e4tze zu r\u00e4umen; (Steg- und Landlieger) ausgenommen Teilnehmer der Eisarschregatta; Die rechtzeitig bekanntgegebenen Krantermine sind unbedingt einzuhalten.<\/p>\n<p>Der Hafenmeister<\/p>\n","protected":false},"excerpt":{"rendered":"<p>Hafenordnung des 1. Innviertler Segelclubs &#8211; Suben 1. Das Betreten der Steganlage ist nur Mitgliedern des 1. ISC, deren Angeh\u00f6rigen und dritten Personen in Begleitung eines Mitgliedes zur Aus\u00fcbung des Segelsportes gestattet.\u00a0 Der Landesteg vor Kopf darf nur zum Klarmachen &hellip; <a href=\"https:\/\/www.segelclubsuben.info\/?page_id=279\">Weiterlesen <span class=\"meta-nav\">&rarr;<\/span><\/a><\/p>\n","protected":false},"author":8,"featured_media":0,"parent":26,"menu_order":20,"comment_status":"closed","ping_status":"closed","template":"","meta":[],"_links":{"self":[{"href":"https:\/\/www.segelclubsuben.info\/index.php?rest_route=\/wp\/v2\/pages\/279"}],"collection":[{"href":"https:\/\/www.segelclubsuben.info\/index.php?rest_route=\/wp\/v2\/pages"}],"about":[{"href":"https:\/\/www.segelclubsuben.info\/index.php?rest_route=\/wp\/v2\/types\/page"}],"author":[{"embeddable":true,"href":"https:\/\/www.segelclubsuben.info\/index.php?rest_route=\/wp\/v2\/users\/8"}],"replies":[{"embeddable":true,"href":"https:\/\/www.segelclubsuben.info\/index.php?rest_route=%2Fwp%2Fv2%2Fcomments&post=279"}],"version-history":[{"count":3,"href":"https:\/\/www.segelclubsuben.info\/index.php?rest_route=\/wp\/v2\/pages\/279\/revisions"}],"predecessor-version":[{"id":290,"href":"https:\/\/www.segelclubsuben.info\/index.php?rest_route=\/wp\/v2\/pages\/279\/revisions\/290"}],"up":[{"embeddable":true,"href":"https:\/\/www.segelclubsuben.info\/index.php?rest_route=\/wp\/v2\/pages\/26"}],"wp:attachment":[{"href":"https:\/\/www.segelclubsuben.info\/index.php?rest_route=%2Fwp%2Fv2%2Fmedia&parent=279"}],"curies":[{"name":"wp","href":"https:\/\/api.w.org\/{rel}","templated":true}]}}