{"id":30,"date":"2010-09-25T15:02:54","date_gmt":"2010-09-25T15:02:54","guid":{"rendered":"http:\/\/www.fraueneder.com\/1isc\/?page_id=30"},"modified":"2014-03-12T15:50:25","modified_gmt":"2014-03-12T14:50:25","slug":"links","status":"publish","type":"page","link":"https:\/\/www.segelclubsuben.info\/?page_id=30","title":{"rendered":"Links"},"content":{"rendered":"<p>Trotz sorgf\u00e4ltiger inhaltlicher Kontrolle \u00fcbernehmen wir keinerlei Haftung f\u00fcr Inhalte\u00a0 externer Links. F\u00fcr den Inhalt der verlinkten Seiten sind ausschlie\u00dflich deren Betreiber verantwortlich.<\/p>\n<p><strong>Verb\u00e4nde und Vereine:<br \/>\n<\/strong><span style=\"font-family: Arial; font-size: small;\"><a href=\"http:\/\/www.segelverband.at\/\" target=\"_blank\">\u00d6SV<\/a><br \/>\n<a href=\"http:\/\/www.dsv.org\/\" target=\"_blank\">DSV<\/a><a href=\"http:\/\/www.yca.at\/\" target=\"_blank\"><br \/>\nYachtclub Austria<br \/>\n<\/a><a href=\"http:\/\/www.oesyc.at\/\" target=\"_blank\">\u00d6sterreichischer Hochsee Yacht Club<br \/>\n<\/a><\/span><span style=\"font-family: Arial; font-size: small;\"><a href=\"http:\/\/www.aquila-austria.at\/\" target=\"_blank\">Aquila Association Austria<\/a><\/span><\/p>\n<p><strong>Medien:<br \/>\n<\/strong><span style=\"font-family: Arial; font-size: small;\"><a href=\"http:\/\/www.yacht.de\/\" target=\"_blank\">Yacht<\/a><br \/>\n<a href=\"http:\/\/www.seemeile.ch\/\" target=\"_blank\">Seemeile<br \/>\n<\/a><a href=\"http:\/\/www.yachtrevue.at\/\" target=\"_blank\">Yachtrevue<\/a><\/span><span style=\"font-family: Arial; font-size: small;\"><a href=\"http:\/\/www.palstek.de\/\" target=\"_blank\"><br \/>\nPalstek<\/a><\/span><\/p>\n<p><strong>Wetter:<\/strong><span style=\"font-family: Arial; font-size: small;\"><strong><br \/>\n<\/strong><\/span><span style=\"font-family: Arial; font-size: small;\"><a href=\"http:\/\/wetter.orf.at\/oes\/reportdetail?tmp=1166\" target=\"_blank\">ORF\u00a0\u00a0 6 -Tagesprognose<\/a><br \/>\n<a href=\"http:\/\/www.dwd.de\/\" target=\"_blank\">Deutscher Wetterdienst<br \/>\n<\/a><a href=\"http:\/\/www.dwd.de\/bvbw\/appmanager\/bvbw\/dwdwwwDesktop?_nfpb=true&amp;_pageLabel=_dwdwww_spezielle_nutzer_schiffffahrt_seewetter&amp;T18605818401151909357330gsbDocumentPath=Navigation%2FSchifffahrt%2FSeewetter%2FSeewetterbericht__24__MM__solas__node.html__nnn%3Dtrue\" target=\"_blank\">Mittelmeerwetter<\/a> (vom DWD)<br \/>\n<\/span><span style=\"font-family: Arial; font-size: small;\"><a href=\"http:\/\/meteo.hr\/index_en.php\" target=\"_blank\">Seewetterzentrum Split<\/a> (Adriawetter f\u00fcr den aktuellen Tag)<\/span><br \/>\n<span style=\"font-family: Arial; font-size: small;\"><a href=\"http:\/\/wetterzentrale.de\/pics\/D2u.html\" target=\"_blank\">Das aktuelle Meteosatbild<br \/>\n<\/a><\/span><span style=\"font-family: Arial; font-size: small;\"><a href=\"http:\/\/wetterzentrale.de\/pics\/bracka.html\" target=\"_blank\">Wetterfax &#8211; Karten<\/a><br \/>\n<a href=\"http:\/\/wetterzentrale.de\/\" target=\"_blank\">Wetterzentrale<\/a> (Super Wetterseite)<\/span><br \/>\n<span style=\"font-family: Arial; font-size: small;\"><a href=\"http:\/\/www.wetterklima.de\/\" target=\"_blank\">Wetterklima<\/a> (&#8230;unbedingt reinschauen!)<br \/>\n<\/span><span style=\"font-family: Arial; font-size: small;\"><a href=\"http:\/\/www.windfinder.com\/windreports\/windreports_online_hr.htm\" target=\"_blank\">Windfinder<\/a><br \/>\n<a href=\"http:\/\/www2.wetter3.de\/\" target=\"_blank\">Wetter 3<\/a><\/span><\/p>\n<p><strong>Gebrauchtbootmarkt:<br \/>\n<\/strong><span style=\"font-family: Arial; font-size: small;\"><a href=\"http:\/\/www.boat.de\/de\/\" target=\"_blank\">Boat<br \/>\n<\/a><\/span><span style=\"font-family: Arial; font-size: small;\"><a href=\"http:\/\/www.bootsmarkt.de\/\" target=\"_blank\">Bootsmarkt<\/a><a href=\"http:\/\/www.euroyacht.org\/\" target=\"_blank\"><br \/>\nEuroyacht<\/a><br \/>\n<a href=\"http:\/\/www.gebrauchtboote.de\/cgi-bin\/top.cgi\" target=\"_blank\">Gebrauchtboote<br \/>\n<\/a><a href=\"http:\/\/www.netboat.com\/Sprachen.asp\" target=\"_blank\">Netboat<br \/>\n<\/a><\/span><span style=\"font-family: Arial; font-size: small;\"><a href=\"http:\/\/boots-boerse.de\/\" target=\"_blank\">Bootsb\u00f6rse<\/a><\/span><\/p>\n<p><strong>Sonstige:<\/strong><span style=\"font-family: Arial; font-size: small;\"><a title=\"Sattlerwerkstatt.at - Hanspter Huber\" href=\"http:\/\/www.sattlerwerkstatt.at\" target=\"_blank\"><br \/>\nSattlerwerkstatt.at &#8211; Hanspeter Huber<br \/>\n<\/a><\/span><span style=\"font-family: Arial; font-size: small;\"><a title=\"Sattlerwerkstatt.at\" href=\"http:\/\/www.sattlererkstatt.at\" target=\"_blank\">ACI &#8211; Club<\/a><br \/>\n<a href=\"http:\/\/www.germanlloyd.org\/\" target=\"_blank\">Germanischer Lloyd<br \/>\n<\/a><a href=\"http:\/\/www.dgzrs.de\/\" target=\"_blank\">Deutsche Gesellschaft zur Rettung Schiffbr\u00fcchiger<br \/>\n<\/a><\/span><span style=\"font-family: Arial; font-size: small;\"><a href=\"http:\/\/www.yacht-pool.com\/\" target=\"_blank\">Yacht &#8211; Pool Versicherung<\/a><\/span><br \/>\n<span style=\"font-family: Arial; font-size: small;\"><a title=\"http:\/\/www.profinautic.com\/\" href=\"http:\/\/www.profinautic.com\/\" target=\"_blank\">Profinautic<br \/>\n<\/a><a href=\"http:\/\/www.segelportal.at\/index.php\" target=\"_blank\">Segelportal<\/a><\/span><\/p>\n","protected":false},"excerpt":{"rendered":"<p>Trotz sorgf\u00e4ltiger inhaltlicher Kontrolle \u00fcbernehmen wir keinerlei Haftung f\u00fcr Inhalte\u00a0 externer Links. F\u00fcr den Inhalt der verlinkten Seiten sind ausschlie\u00dflich deren Betreiber verantwortlich. Verb\u00e4nde und Vereine: \u00d6SV DSV Yachtclub Austria \u00d6sterreichischer Hochsee Yacht Club Aquila Association Austria Medien: Yacht Seemeile &hellip; <a href=\"https:\/\/www.segelclubsuben.info\/?page_id=30\">Weiterlesen <span class=\"meta-nav\">&rarr;<\/span><\/a><\/p>\n","protected":false},"author":8,"featured_media":0,"parent":0,"menu_order":95,"comment_status":"closed","ping_status":"closed","template":"","meta":[],"_links":{"self":[{"href":"https:\/\/www.segelclubsuben.info\/index.php?rest_route=\/wp\/v2\/pages\/30"}],"collection":[{"href":"https:\/\/www.segelclubsuben.info\/index.php?rest_route=\/wp\/v2\/pages"}],"about":[{"href":"https:\/\/www.segelclubsuben.info\/index.php?rest_route=\/wp\/v2\/types\/page"}],"author":[{"embeddable":true,"href":"https:\/\/www.segelclubsuben.info\/index.php?rest_route=\/wp\/v2\/users\/8"}],"replies":[{"embeddable":true,"href":"https:\/\/www.segelclubsuben.info\/index.php?rest_route=%2Fwp%2Fv2%2Fcomments&post=30"}],"version-history":[{"count":13,"href":"https:\/\/www.segelclubsuben.info\/index.php?rest_route=\/wp\/v2\/pages\/30\/revisions"}],"predecessor-version":[{"id":837,"href":"https:\/\/www.segelclubsuben.info\/index.php?rest_route=\/wp\/v2\/pages\/30\/revisions\/837"}],"wp:attachment":[{"href":"https:\/\/www.segelclubsuben.info\/index.php?rest_route=%2Fwp%2Fv2%2Fmedia&parent=30"}],"curies":[{"name":"wp","href":"https:\/\/api.w.org\/{rel}","templated":true}]}}